{"id":1967,"date":"2025-12-04T15:16:23","date_gmt":"2025-12-04T14:16:23","guid":{"rendered":"https:\/\/www.scientistrebellion.nl\/?page_id=1967"},"modified":"2026-03-17T11:26:59","modified_gmt":"2026-03-17T10:26:59","slug":"eerdere-acties-en-evenementen","status":"publish","type":"page","link":"https:\/\/www.scientistrebellion.nl\/index.php\/eerdere-acties-en-evenementen\/","title":{"rendered":"Eerdere acties en evenementen"},"content":{"rendered":"\n<h2 class=\"wp-block-heading\">2026<\/h2>\n\n\n\n<h4 class=\"wp-block-heading\">16 maart. ABP, Breek met BlackRock<\/h4>\n\n\n\n<figure class=\"wp-block-image size-large\"><img loading=\"lazy\" decoding=\"async\" width=\"1024\" height=\"654\" src=\"https:\/\/www.scientistrebellion.nl\/wp-content\/uploads\/2026\/03\/IMG_1698-1024x654.jpeg\" alt=\"Verweij Visuals\" class=\"wp-image-3090\" srcset=\"https:\/\/www.scientistrebellion.nl\/wp-content\/uploads\/2026\/03\/IMG_1698-1024x654.jpeg 1024w, https:\/\/www.scientistrebellion.nl\/wp-content\/uploads\/2026\/03\/IMG_1698-300x192.jpeg 300w, https:\/\/www.scientistrebellion.nl\/wp-content\/uploads\/2026\/03\/IMG_1698-768x490.jpeg 768w, https:\/\/www.scientistrebellion.nl\/wp-content\/uploads\/2026\/03\/IMG_1698.jpeg 1278w\" sizes=\"auto, (max-width: 1024px) 100vw, 1024px\" \/><figcaption class=\"wp-element-caption\"><em>Verweij Visuals<\/em><\/figcaption><\/figure>\n\n\n\n<p><strong>Meer dan 8.600 mensen eisen: ABP, Breek met BlackRock.<\/strong><br><br>Vermogensbeheerder BlackRock is wereldwijd een van de grootste investeerders in fossiel \u00e9n verdient aan de genocide in Gaza. Ondanks dat pensioenfonds ABP zegt dat ze duurzaamheid belangrijk vinden, werken ze toch samen met BlackRock.<br><br>Daarover gingen ABP-pensioendeelnemers in gesprek met Harmen van Wijnen (bestuursvoorzitter ABP). Hij bood een luisterend oor, maar we misten het gevoel van urgentie. Wij zullen de druk blijven opvoeren!<\/p>\n\n\n\n<hr class=\"wp-block-separator has-alpha-channel-opacity\"\/>\n\n\n\n<h2 class=\"wp-block-heading\">2025<\/h2>\n\n\n\n<h4 class=\"wp-block-heading\">13 december. XR en SR verstoren feestje van de superrijken<\/h4>\n\n\n\n<p><strong>Op zaterdagmiddag 13 december&nbsp;<\/strong><strong>verstoren&nbsp;<\/strong><strong>meer dan&nbsp;<\/strong><strong>200&nbsp;<\/strong><strong>activisten van Extinction Rebellion<\/strong><strong>(XR)&nbsp;<\/strong><strong>en&nbsp;<\/strong><strong>Scientist Rebellion<\/strong><strong>&nbsp;(SR)<\/strong><strong>&nbsp;de Masters Expo in de RAI, voorheen de Miljonairsbeurs. Zij demonstreren tegen dit feestje voor de allerrijksten met de boodschap:&nbsp;<\/strong><strong>de superrijken kosten te veel.<\/strong><strong>&nbsp;De activisten pleiten voor herverdeling van rijkdom.&nbsp;<\/strong><strong>Door de superrijken en hun bezit eerlijker te belasten komt er geld vrij om de samenleving en de planeet te verrijken.<\/strong><\/p>\n\n\n\n<figure class=\"wp-block-image size-full\"><img loading=\"lazy\" decoding=\"async\" width=\"1024\" height=\"576\" src=\"https:\/\/www.scientistrebellion.nl\/wp-content\/uploads\/2025\/12\/IMG_1404.jpeg\" alt=\"\" class=\"wp-image-2077\" srcset=\"https:\/\/www.scientistrebellion.nl\/wp-content\/uploads\/2025\/12\/IMG_1404.jpeg 1024w, https:\/\/www.scientistrebellion.nl\/wp-content\/uploads\/2025\/12\/IMG_1404-300x169.jpeg 300w, https:\/\/www.scientistrebellion.nl\/wp-content\/uploads\/2025\/12\/IMG_1404-768x432.jpeg 768w\" sizes=\"auto, (max-width: 1024px) 100vw, 1024px\" \/><\/figure>\n\n\n\n<p><a href=\"https:\/\/www.scientistrebellion.nl\/index.php\/2025\/12\/13\/xr-en-sr-verstoren-feestje-van-de-superrijken\/\">Lees meer<\/a><\/p>\n\n\n\n<hr class=\"wp-block-separator has-alpha-channel-opacity\"\/>\n\n\n\n<h4 class=\"wp-block-heading\">12 december. Viering Akkoord van Parijs met gemengde gevoelens<\/h4>\n\n\n\n<p>In het kader van 10 jaar Akkoord van Parijs hebben Scientist Rebellion en Scientists for Future op 12 december de Klimaatwiki opengesteld voor gebruik door iedereen. Dit vond plaats door de overhandiging van de QR-code voor de Klimaatwiki aan Saskia Kluit (GroenLinks\/PvdA), lid Eerste Kamer en lid van het parlement van de Raad van Europa. En daarop aansluitend een online persgesprek over dit onderwerp onder leiding van een van de samenstellers van de Klimaatwiki, Dick van der Wateren.<\/p>\n\n\n\n<figure class=\"wp-block-image size-large\"><img loading=\"lazy\" decoding=\"async\" width=\"1024\" height=\"483\" src=\"https:\/\/www.scientistrebellion.nl\/wp-content\/uploads\/2025\/12\/IMG_1427-1024x483.jpeg\" alt=\"\" class=\"wp-image-2210\" srcset=\"https:\/\/www.scientistrebellion.nl\/wp-content\/uploads\/2025\/12\/IMG_1427-1024x483.jpeg 1024w, https:\/\/www.scientistrebellion.nl\/wp-content\/uploads\/2025\/12\/IMG_1427-300x142.jpeg 300w, https:\/\/www.scientistrebellion.nl\/wp-content\/uploads\/2025\/12\/IMG_1427-768x362.jpeg 768w, https:\/\/www.scientistrebellion.nl\/wp-content\/uploads\/2025\/12\/IMG_1427.jpeg 1236w\" sizes=\"auto, (max-width: 1024px) 100vw, 1024px\" \/><\/figure>\n\n\n\n<p><a href=\"https:\/\/www.scientistrebellion.nl\/index.php\/2025\/12\/20\/viering-akkoord-van-parijs-met-gemengde-gevoelens\/\">Lees meer<\/a><\/p>\n\n\n\n<hr class=\"wp-block-separator has-alpha-channel-opacity\"\/>\n\n\n\n<h4 class=\"wp-block-heading\" id=\"Rouwen\">2 december. Rouwen voor koraalrif<\/h4>\n\n\n\n<figure class=\"wp-block-image size-large\"><img loading=\"lazy\" decoding=\"async\" width=\"1024\" height=\"576\" src=\"https:\/\/www.scientistrebellion.nl\/wp-content\/uploads\/2025\/12\/IMG_1377-1024x576.jpeg\" alt=\"\" class=\"wp-image-1977\" srcset=\"https:\/\/www.scientistrebellion.nl\/wp-content\/uploads\/2025\/12\/IMG_1377-1024x576.jpeg 1024w, https:\/\/www.scientistrebellion.nl\/wp-content\/uploads\/2025\/12\/IMG_1377-300x169.jpeg 300w, https:\/\/www.scientistrebellion.nl\/wp-content\/uploads\/2025\/12\/IMG_1377-768x432.jpeg 768w, https:\/\/www.scientistrebellion.nl\/wp-content\/uploads\/2025\/12\/IMG_1377-1536x864.jpeg 1536w, https:\/\/www.scientistrebellion.nl\/wp-content\/uploads\/2025\/12\/IMG_1377.jpeg 1920w\" sizes=\"auto, (max-width: 1024px) 100vw, 1024px\" \/><\/figure>\n\n\n\n<p>Aan de Radboud Universiteit vierde Scientist Rebellion Netherlands de jaarlijkse Herdenkingsdag voor Verloren Soorten met een begrafenisstoet en herdenkingsceremonie gericht op het verlies van koralen, waarbij leden een ceremoni\u00eble kist droegen. <a href=\"https:\/\/www.voxweb.nl\/bericht\/scientist-rebellion-draagt-een-doodskist-over-de-campus-met-daarin-het-koraalrif\" target=\"_blank\" rel=\"noreferrer noopener\">Artikel in Vox<\/a>.<\/p>\n\n\n\n<hr class=\"wp-block-separator has-alpha-channel-opacity\"\/>\n\n\n\n<h4 class=\"wp-block-heading\">16 juni. Blokkade botenparade Masters Expo<\/h4>\n\n\n\n<figure class=\"wp-block-image size-large\"><img loading=\"lazy\" decoding=\"async\" width=\"1024\" height=\"768\" src=\"https:\/\/www.scientistrebellion.nl\/wp-content\/uploads\/2025\/12\/IMG_1098-1024x768.jpeg\" alt=\"\" class=\"wp-image-1980\" srcset=\"https:\/\/www.scientistrebellion.nl\/wp-content\/uploads\/2025\/12\/IMG_1098-1024x768.jpeg 1024w, https:\/\/www.scientistrebellion.nl\/wp-content\/uploads\/2025\/12\/IMG_1098-300x225.jpeg 300w, https:\/\/www.scientistrebellion.nl\/wp-content\/uploads\/2025\/12\/IMG_1098-768x576.jpeg 768w, https:\/\/www.scientistrebellion.nl\/wp-content\/uploads\/2025\/12\/IMG_1098-1536x1152.jpeg 1536w, https:\/\/www.scientistrebellion.nl\/wp-content\/uploads\/2025\/12\/IMG_1098.jpeg 2000w\" sizes=\"auto, (max-width: 1024px) 100vw, 1024px\" \/><\/figure>\n\n\n\n<p><\/p>\n\n\n\n<hr class=\"wp-block-separator has-alpha-channel-opacity\"\/>\n\n\n\n<h2 class=\"wp-block-heading\">2024<\/h2>\n\n\n\n<h4 class=\"wp-block-heading\">14 september: A12-blokkade bij de &#8217;tunnelbak&#8217;, Den Haag<\/h4>\n\n\n\n<p>SR demonstreerde samen met XR om een einde te maken aan fossiele subsidies, omdat die nog steeds niet zijn afgeschaft. Met ongeveer 40 SR-leden en 1200 deelnemers in totaal was het de grootste demonstratie bij de tunnelbak, die zich precies in het midden bevindt van de driehoek van VNO-NCW, die schaamteloos lobbyt voor deze subsidies, het ministerie van Economische Zaken, dat de subsidies betaalt, en het parlement, dat deze subsidies wetgevend goedkeurt.<\/p>\n\n\n\n<figure class=\"wp-block-image size-full\"><img decoding=\"async\" src=\"https:\/\/www.scientistrebellion.nl\/wp-content\/uploads\/2024\/09\/IMG_20240914_152457.jpg\" alt=\"\" class=\"wp-image-1411\"\/><\/figure>\n\n\n\n<p>In deze editie gaven verschillende Scientist Rebels openbare lezingen over het laatste IPCC-rapport, de omslagpunten die het effect van broeikasgassen op het mondiale klimaat kunnen versterken, en het standpunt van de Climate Justice and Solidarity-groep over de noodzaak van schuldkwijtschelding voor het Zuiden. Deze lezingen werden ondersteund door twee nieuwe banners met afbeeldingen uit het IPCC-rapport en SR&#8217;s eigen outreach-inspanningen met behulp van cue cards. Tijdens de rest van de demonstratie kwamen veel mensen kijken naar deze grafieken en kregen ze uitleg in \u00e9\u00e9n-op-\u00e9\u00e9n-gesprekken met wetenschappers die hun kenmerkende laboratoriumjassen droegen.<\/p>\n\n\n\n<hr class=\"wp-block-separator has-alpha-channel-opacity\"\/>\n\n\n\n<h4 class=\"wp-block-heading\">30 maart: A10-actie tegen fossiele financiering door ING<\/h4>\n\n\n\n<p>Sinds het Akkoord van Parijs heeft ING meer dan 60 miljard dollar uitgegeven aan fossiele brandstoffen. Dat is waanzin in een klimaatnoodsituatie. Genoeg is genoeg! Op 30 maart sloot SR zich aan bij XR op de A10 om te eisen dat ING stopt met het financieren van fossiele brandstoffen. Klik hier voor meer informatie over de campagne.<\/p>\n\n\n\n<figure class=\"wp-block-image size-large\"><img loading=\"lazy\" decoding=\"async\" width=\"1024\" height=\"320\" src=\"https:\/\/www.scientistrebellion.nl\/wp-content\/uploads\/2024\/03\/20240330-ING-A10-1024x320.jpg\" alt=\"\" class=\"wp-image-1343\" srcset=\"https:\/\/www.scientistrebellion.nl\/wp-content\/uploads\/2024\/03\/20240330-ING-A10-1024x320.jpg 1024w, https:\/\/www.scientistrebellion.nl\/wp-content\/uploads\/2024\/03\/20240330-ING-A10-300x94.jpg 300w, https:\/\/www.scientistrebellion.nl\/wp-content\/uploads\/2024\/03\/20240330-ING-A10-768x240.jpg 768w, https:\/\/www.scientistrebellion.nl\/wp-content\/uploads\/2024\/03\/20240330-ING-A10.jpg 1032w\" sizes=\"auto, (max-width: 1024px) 100vw, 1024px\" \/><\/figure>\n\n\n\n<hr class=\"wp-block-separator has-alpha-channel-opacity\"\/>\n\n\n\n<p>Voor eerdere acties, zie de Engelstalige pagina <a href=\"https:\/\/www.scientistrebellion.nl\/index.php\/en\/schedule\/\">Past Actions and Events<\/a>.<\/p>\n","protected":false},"excerpt":{"rendered":"<p>2026 16 maart. ABP, Breek met BlackRock Meer dan 8.600 mensen eisen: ABP, Breek met BlackRock. Vermogensbeheerder BlackRock is wereldwijd een van de grootste investeerders in fossiel \u00e9n verdient aan de genocide in Gaza. Ondanks dat pensioenfonds ABP zegt dat ze duurzaamheid belangrijk vinden, werken ze toch samen met BlackRock. Daarover gingen ABP-pensioendeelnemers in gesprek &#8230; <a title=\"Eerdere acties en evenementen\" class=\"read-more\" href=\"https:\/\/www.scientistrebellion.nl\/index.php\/eerdere-acties-en-evenementen\/\" aria-label=\"Lees meer over Eerdere acties en evenementen\">Lees verder<\/a><\/p>\n","protected":false},"author":9,"featured_media":0,"parent":0,"menu_order":0,"comment_status":"closed","ping_status":"open","template":"","meta":{"inline_featured_image":false,"iawp_total_views":22,"footnotes":""},"class_list":["post-1967","page","type-page","status-publish"],"_links":{"self":[{"href":"https:\/\/www.scientistrebellion.nl\/index.php\/wp-json\/wp\/v2\/pages\/1967","targetHints":{"allow":["GET"]}}],"collection":[{"href":"https:\/\/www.scientistrebellion.nl\/index.php\/wp-json\/wp\/v2\/pages"}],"about":[{"href":"https:\/\/www.scientistrebellion.nl\/index.php\/wp-json\/wp\/v2\/types\/page"}],"author":[{"embeddable":true,"href":"https:\/\/www.scientistrebellion.nl\/index.php\/wp-json\/wp\/v2\/users\/9"}],"replies":[{"embeddable":true,"href":"https:\/\/www.scientistrebellion.nl\/index.php\/wp-json\/wp\/v2\/comments?post=1967"}],"version-history":[{"count":27,"href":"https:\/\/www.scientistrebellion.nl\/index.php\/wp-json\/wp\/v2\/pages\/1967\/revisions"}],"predecessor-version":[{"id":3092,"href":"https:\/\/www.scientistrebellion.nl\/index.php\/wp-json\/wp\/v2\/pages\/1967\/revisions\/3092"}],"wp:attachment":[{"href":"https:\/\/www.scientistrebellion.nl\/index.php\/wp-json\/wp\/v2\/media?parent=1967"}],"curies":[{"name":"wp","href":"https:\/\/api.w.org\/{rel}","templated":true}]}}